{"id":3994,"date":"2023-12-21T15:31:14","date_gmt":"2023-12-21T14:31:14","guid":{"rendered":"https:\/\/www.vitaefisioterapia.com\/nosaltres-2\/"},"modified":"2026-05-04T15:58:52","modified_gmt":"2026-05-04T13:58:52","slug":"nosotros","status":"publish","type":"page","link":"https:\/\/www.vitaefisioterapia.com\/es\/nosotros\/","title":{"rendered":"Nosotros"},"content":{"rendered":"\t\t<div data-elementor-type=\"wp-page\" data-elementor-id=\"3994\" class=\"elementor elementor-3994 elementor-3991\" data-elementor-post-type=\"page\">\n\t\t\t\t\t\t<div class=\"elementor-section elementor-top-section elementor-element elementor-element-68c2a5d elementor-section-content-middle elementor-section-boxed elementor-section-height-default elementor-section-height-default\" data-id=\"68c2a5d\" data-element_type=\"section\" data-e-type=\"section\" data-settings=\"{&quot;background_background&quot;:&quot;classic&quot;}\">\r\n\t\t\r\n\t\t\t\t\t\t\t<div class=\"elementor-container elementor-column-gap-default\">\r\n\t\t\t\t\t\t\t\t\t\t\t<div class=\"elementor-column elementor-col-50 elementor-top-column elementor-element elementor-element-59b67ad\" data-id=\"59b67ad\" data-element_type=\"column\" data-e-type=\"column\">\r\n\t\t\t\t\t<div class=\"elementor-widget-wrap elementor-element-populated\">\r\n\t\t\t\t\t\t\t\t<div class=\"elementor-element elementor-element-7f24d94 img-tooth elementor-widget elementor-widget-image\" data-id=\"7f24d94\" data-element_type=\"widget\" data-e-type=\"widget\" data-widget_type=\"image.default\">\n\t\t\t\t<div class=\"elementor-widget-container\">\n\t\t\t\t\t\t\t\t\t\t\t\t\t\t\t<img fetchpriority=\"high\" decoding=\"async\" width=\"420\" height=\"480\" src=\"https:\/\/www.vitaefisioterapia.com\/wp-content\/uploads\/2025\/10\/metode.jpg\" class=\"attachment-full size-full wp-image-5432\" alt=\"\" srcset=\"https:\/\/www.vitaefisioterapia.com\/wp-content\/uploads\/2025\/10\/metode.jpg 420w, https:\/\/www.vitaefisioterapia.com\/wp-content\/uploads\/2025\/10\/metode-400x457.jpg 400w\" sizes=\"(max-width: 420px) 100vw, 420px\" \/>\t\t\t\t\t\t\t\t\t\t\t\t\t\t\t<\/div>\n\t\t\t\t<\/div>\n\t\t\t\t\t<\/div>\r\n\t\t\t\t<\/div>\r\n\t\t\t\t<div class=\"elementor-column elementor-col-50 elementor-top-column elementor-element elementor-element-d0f06c5\" data-id=\"d0f06c5\" data-element_type=\"column\" data-e-type=\"column\">\r\n\t\t\t\t\t<div class=\"elementor-widget-wrap elementor-element-populated\">\r\n\t\t\t\t\t\t\t\t<div class=\"elementor-element elementor-element-3809350 elementor-invisible elementor-widget elementor-widget-porto_ultimate_heading\" data-id=\"3809350\" data-element_type=\"widget\" data-e-type=\"widget\" data-settings=\"{&quot;_animation&quot;:&quot;fadeIn&quot;,&quot;_animation_delay&quot;:250}\" data-widget_type=\"porto_ultimate_heading.default\">\n\t\t\t\t<div class=\"elementor-widget-container\">\n\t\t\t\t\t<div class=\"porto-u-heading  porto-u-50fd703e6afac6fded863bbd6c29d1c5\"><div class=\"porto-u-main-heading\"><h2    style=\"margin-bottom: 1.5rem;\">Vitae Fisioterapia<\/h2><\/div><div class=\"porto-u-sub-heading\" style=\"margin-bottom:3px;\"><article class=\"text-token-text-primary w-full focus:outline-none [--shadow-height:45px] has-data-writing-block:pointer-events-none has-data-writing-block:-mt-(--shadow-height) has-data-writing-block:pt-(--shadow-height) [&amp;:has([data-writing-block])&gt;*]:pointer-events-auto scroll-mt-[calc(var(--header-height)+min(200px,max(70px,20svh)))]\" dir=\"auto\" tabindex=\"-1\" data-turn-id=\"372bba49-23d4-4696-85b9-af65e4e03780\" data-testid=\"conversation-turn-4\" data-scroll-anchor=\"true\" data-turn=\"assistant\"><div class=\"text-base my-auto mx-auto pb-10 [--thread-content-margin:--spacing(4)] thread-sm:[--thread-content-margin:--spacing(6)] thread-lg:[--thread-content-margin:--spacing(16)] px-(--thread-content-margin)\"><div class=\"[--thread-content-max-width:40rem] thread-lg:[--thread-content-max-width:48rem] mx-auto max-w-(--thread-content-max-width) flex-1 group\/turn-messages focus-visible:outline-hidden relative flex w-full min-w-0 flex-col agent-turn\" tabindex=\"-1\"><div class=\"flex max-w-full flex-col grow\"><div class=\"min-h-8 text-message relative flex w-full flex-col items-end gap-2 text-start break-words whitespace-normal [.text-message+&amp;]:mt-1\" dir=\"auto\" data-message-author-role=\"assistant\" data-message-id=\"e794b060-ddd9-417f-ad5c-99ba24af45a0\" data-message-model-slug=\"gpt-5-thinking\"><div class=\"flex w-full flex-col gap-1 empty:hidden first:pt-[1px]\"><div class=\"markdown prose dark:prose-invert w-full break-words light markdown-new-styling\"><section class=\"text-token-text-primary w-full focus:outline-none [--shadow-height:45px] has-data-writing-block:pointer-events-none has-data-writing-block:-mt-(--shadow-height) has-data-writing-block:pt-(--shadow-height) [&amp;:has([data-writing-block])&gt;*]:pointer-events-auto [content-visibility:auto] supports-[content-visibility:auto]:[contain-intrinsic-size:auto_100lvh] R6Vx5W_threadScrollVars scroll-mb-[calc(var(--scroll-root-safe-area-inset-bottom,0px)+var(--thread-response-height))] scroll-mt-[calc(var(--header-height)+min(200px,max(70px,20svh)))]\" dir=\"auto\" data-turn-id=\"request-WEB:8c3725b7-6506-4c22-b48e-3c1b960613b6-4\" data-testid=\"conversation-turn-10\" data-scroll-anchor=\"false\" data-turn=\"assistant\"><div class=\"text-base my-auto mx-auto pb-10 [--thread-content-margin:var(--thread-content-margin-xs,calc(var(--spacing)*4))] @w-sm\/main:[--thread-content-margin:var(--thread-content-margin-sm,calc(var(--spacing)*6))] @w-lg\/main:[--thread-content-margin:var(--thread-content-margin-lg,calc(var(--spacing)*16))] px-(--thread-content-margin)\"><div class=\"[--thread-content-max-width:40rem] @w-lg\/main:[--thread-content-max-width:48rem] mx-auto max-w-(--thread-content-max-width) flex-1 group\/turn-messages focus-visible:outline-hidden relative flex w-full min-w-0 flex-col agent-turn\"><div class=\"flex max-w-full flex-col gap-4 grow\"><div class=\"min-h-8 text-message relative flex w-full flex-col items-end gap-2 text-start break-words whitespace-normal outline-none keyboard-focused:focus-ring [.text-message+&amp;]:mt-1\" dir=\"auto\" tabindex=\"0\" data-message-author-role=\"assistant\" data-message-id=\"5aee4cd6-492f-4f50-b9f3-4d26da95276d\" data-message-model-slug=\"gpt-5-3\" data-turn-start-message=\"true\"><div class=\"flex w-full flex-col gap-1 empty:hidden\"><div class=\"markdown prose dark:prose-invert w-full wrap-break-word dark markdown-new-styling\">En Vitae Fisioterapia encontrar\u00e1s <strong>un equipo cercano, exigente y en formaci\u00f3n constante, unido por una manera de entender la salud y la actividad f\u00edsica:<\/strong> escucharte, entender qu\u00e9 necesitas, trazar un plan para lograr tus objetivos; ya sea recuperarte de una lesi\u00f3n, mejorar tu condici\u00f3n f\u00edsica u optimizar tu rendimiento, y explicarte el proceso.<\/div><div>\u00a0<\/div><div class=\"markdown prose dark:prose-invert w-full wrap-break-word dark markdown-new-styling\">Trabajamos en equipo, compartimos conocimiento y<strong> abordamos cada caso de manera personalizada,<\/strong> porque cada persona llega con una historia, unos objetivos y un ritmo diferentes.<\/div><div>\u00a0<\/div><div class=\"markdown prose dark:prose-invert w-full wrap-break-word dark markdown-new-styling\"><strong>En un espacio pensado para acompa\u00f1arte durante cada etapa:<\/strong> valoraci\u00f3n, tratamiento, ejercicio\u00a0 terap\u00e9utico y vuelta al movimiento con confianza.<\/div><\/div><\/div><\/div><\/div><\/div><\/section><div class=\"pointer-events-none -mt-px h-px translate-y-[calc(var(--scroll-root-safe-area-inset-bottom)-14*var(--spacing))]\" aria-hidden=\"true\">\u00a0<\/div><\/div><\/div><\/div><\/div><\/div><\/div><\/article><\/div><style>.porto-u-50fd703e6afac6fded863bbd6c29d1c5.porto-u-heading{text-align:inherit}<\/style><\/div>\t\t\t\t<\/div>\n\t\t\t\t<\/div>\n\t\t\t\t<div class=\"elementor-element elementor-element-b8a9b56 elementor-invisible elementor-widget elementor-widget-porto_button\" data-id=\"b8a9b56\" data-element_type=\"widget\" data-e-type=\"widget\" data-settings=\"{&quot;_animation&quot;:&quot;fadeIn&quot;,&quot;_animation_delay&quot;:750}\" data-widget_type=\"porto_button.default\">\n\t\t\t\t<div class=\"elementor-widget-container\">\n\t\t\t\t\t<a class=\"btn btn-xl btn-primary\" href=\"https:\/\/wa.me\/34626543604\"><span >Reserva cita<\/span><\/a>\t\t\t\t<\/div>\n\t\t\t\t<\/div>\n\t\t\t\t\t<\/div>\r\n\t\t\t\t<\/div>\r\n\t\t\t\t\t<\/div>\r\n\t\t\t\t<\/div>\r\n\t\t\t\t<\/div>\n\t\t","protected":false},"excerpt":{"rendered":"<p>Vitae Fisioterapia En Vitae Fisioterapia encontrar\u00e1s un equipo cercano, exigente y en formaci\u00f3n constante, unido por una manera de entender la salud y la actividad f\u00edsica: escucharte, entender qu\u00e9 necesitas, trazar un plan para lograr tus objetivos; ya sea recuperarte de una lesi\u00f3n, mejorar tu condici\u00f3n f\u00edsica u optimizar tu rendimiento, y explicarte el proceso.\u00a0Trabajamos [&hellip;]<\/p>\n","protected":false},"author":1,"featured_media":0,"parent":0,"menu_order":1,"comment_status":"closed","ping_status":"closed","template":"","meta":{"_acf_changed":false,"footnotes":""},"class_list":["post-3994","page","type-page","status-publish","hentry"],"acf":[],"aioseo_notices":[],"_links":{"self":[{"href":"https:\/\/www.vitaefisioterapia.com\/es\/wp-json\/wp\/v2\/pages\/3994","targetHints":{"allow":["GET"]}}],"collection":[{"href":"https:\/\/www.vitaefisioterapia.com\/es\/wp-json\/wp\/v2\/pages"}],"about":[{"href":"https:\/\/www.vitaefisioterapia.com\/es\/wp-json\/wp\/v2\/types\/page"}],"author":[{"embeddable":true,"href":"https:\/\/www.vitaefisioterapia.com\/es\/wp-json\/wp\/v2\/users\/1"}],"replies":[{"embeddable":true,"href":"https:\/\/www.vitaefisioterapia.com\/es\/wp-json\/wp\/v2\/comments?post=3994"}],"version-history":[{"count":50,"href":"https:\/\/www.vitaefisioterapia.com\/es\/wp-json\/wp\/v2\/pages\/3994\/revisions"}],"predecessor-version":[{"id":6119,"href":"https:\/\/www.vitaefisioterapia.com\/es\/wp-json\/wp\/v2\/pages\/3994\/revisions\/6119"}],"wp:attachment":[{"href":"https:\/\/www.vitaefisioterapia.com\/es\/wp-json\/wp\/v2\/media?parent=3994"}],"curies":[{"name":"wp","href":"https:\/\/api.w.org\/{rel}","templated":true}]}}