{"id":4289,"date":"2023-12-28T10:31:53","date_gmt":"2023-12-28T09:31:53","guid":{"rendered":"https:\/\/www.vitaefisioterapia.com\/serveis\/"},"modified":"2025-11-27T19:51:45","modified_gmt":"2025-11-27T18:51:45","slug":"servicios","status":"publish","type":"page","link":"https:\/\/www.vitaefisioterapia.com\/es\/servicios\/","title":{"rendered":"Servicios"},"content":{"rendered":"\t\t<div data-elementor-type=\"wp-page\" data-elementor-id=\"4289\" class=\"elementor elementor-4289 elementor-4283\" data-elementor-post-type=\"page\">\n\t\t\t\t\t\t<div class=\"elementor-section elementor-top-section elementor-element elementor-element-da905b5 elementor-section-boxed elementor-section-height-default elementor-section-height-default\" data-id=\"da905b5\" data-element_type=\"section\" data-e-type=\"section\">\r\n\t\t\r\n\t\t\t\t\t\t\t<div class=\"elementor-container elementor-column-gap-default\">\r\n\t\t\t\t\t\t\t\t\t\t\t<div class=\"elementor-column elementor-col-100 elementor-top-column elementor-element elementor-element-d9eb306\" data-id=\"d9eb306\" data-element_type=\"column\" data-e-type=\"column\">\r\n\t\t\t\t\t<div class=\"elementor-widget-wrap elementor-element-populated\">\r\n\t\t\t\t\t\t\t\t<div class=\"elementor-element elementor-element-a9affbe elementor-widget elementor-widget-porto_ultimate_heading\" data-id=\"a9affbe\" data-element_type=\"widget\" data-e-type=\"widget\" data-widget_type=\"porto_ultimate_heading.default\">\n\t\t\t\t<div class=\"elementor-widget-container\">\n\t\t\t\t\t<div class=\"porto-u-heading  porto-u-50fd703e6afac6fded863bbd6c29d1c5\"><div class=\"porto-u-main-heading\"><div    style=\"margin-bottom: 20px;\">En nuestro espacio de salud te ofrecemos una amplia variedad de tratamientos para cuidar tu bienestar.<\/div><\/div><div class=\"porto-u-sub-heading\" style=\"\"><p>Integramos la fisioterapia y el ejercicio f\u00edsico para que avances paso a paso, te recuperes en el menor tiempo posible y mantengas los resultados en el tiempo. Trabajamos en equipo para asegurar una recuperaci\u00f3n efectiva e individualizada y que puedas volver a hacer lo que m\u00e1s te gusta con seguridad. una recuperaci\u00f3n efectiva y personalizada.<\/p><\/div><style>.porto-u-50fd703e6afac6fded863bbd6c29d1c5.porto-u-heading{text-align:inherit}<\/style><\/div>\t\t\t\t<\/div>\n\t\t\t\t<\/div>\n\t\t\t\t<div class=\"elementor-element elementor-element-238d89b elementor-widget elementor-widget-porto_posts_grid\" data-id=\"238d89b\" data-element_type=\"widget\" data-e-type=\"widget\" data-settings=\"{&quot;spacing&quot;:{&quot;unit&quot;:&quot;px&quot;,&quot;size&quot;:&quot;&quot;,&quot;sizes&quot;:[]}}\" data-widget_type=\"porto_posts_grid.default\">\n\t\t\t\t<div class=\"elementor-widget-container\">\n\t\t\t\t\t<div class=\"porto-posts-grid porto-posts-grid-d751713988987e9331980363e24189ce porto-servicesaadg\"><style scope=\"scope\">.porto-gb-f2ca8990098823d302e5161ca16115ad .tb-hover-content{background-color:rgba(33,37,41,0);padding:0rem 3rem 2.9rem 3rem;}.page-wrapper .porto-gb-fb58778689a0dc478d30d07fe509a3e8{padding-top:0px;padding-bottom:0px;}.page-wrapper .porto-gb-12de68f85ac226e092c49adc3d4b24f1{margin-bottom:1.2rem;opacity:0.7;}.page-wrapper .porto-gb-12de68f85ac226e092c49adc3d4b24f1,.porto-gb-12de68f85ac226e092c49adc3d4b24f1 p{font-size:13.77px;--porto-fs:13.77px;font-weight:500;line-height:26px;--porto-lh:26px;letter-spacing:-.85px;color:#f5f6fb}.page-wrapper .porto-gb-197b4aaef4992620bb889ce192234642{border-color:#3d4eaf;padding:7px 15px 7px 15px;}.page-wrapper .porto-gb-197b4aaef4992620bb889ce192234642:hover{border-color:#4f60c2;}.porto-gb-197b4aaef4992620bb889ce192234642{font-size:12.24px;--porto-fs:12.24px;font-weight:600;}.page-wrapper .porto-gb-1ae19af77482b928cafd1a0e7aecc78e{position:absolute;z-index:1;top:2.8rem;right:3rem;left:3rem;}.page-wrapper .porto-gb-1ae19af77482b928cafd1a0e7aecc78e,.porto-gb-1ae19af77482b928cafd1a0e7aecc78e p{font-size:25.5px;--porto-fs:25.5px;color:#f5f6fb}.page-wrapper .porto-gb-0e10443c264636abc55996ee50e83835{position:absolute;bottom:10px;left:3rem;}.type-service .img-thumbnail  img { transition: transform 2s; }\r\n.type-service .porto-tb-featured-image::before { position: absolute; top: 0; left: 0; width: 100%; height: 100%; content: ''; background-color: rgba(33, 37, 41, 0.3); z-index: 1; transition: background-color .2s;}\r\n.type-service .service-title { transition: top .2s; }\r\n.type-service .porto-ibanner { transition: opacity .2s, transform .2s; }\r\n.type-service .tb-hover-content { height: auto; top: auto; bottom: 0; width: auto; align-items: flex-start;}\r\n.type-service .tb-content { display: -webkit-box; -webkit-box-orient: vertical; overflow: hidden; -webkit-line-clamp: 2;}\r\n.type-service .btn:hover i { animation: btnArrowEffect ease-out .3s; }\r\n.type-service:hover .porto-tb-featured-image::before { background-color: rgba(33, 37, 41, 0.8); }\r\n.type-service:hover .img-thumbnail img { transform: scale(1.5, 1.5); }\r\n.type-service:hover .service-title { top: 4rem;}\r\n.type-service:hover .porto-ibanner { opacity: 0; transform: translateY(-100%);}\r\n@keyframes btnArrowEffect {\r\n    0% {\r\n        transform: translateX(0);\r\n    }\r\n    51% {\r\n        transform: translateX(20px);\r\n        opacity: 1;\r\n    }\r\n    52% {\r\n        opacity: 0;\r\n        transform: translateX(-20px);\r\n    }\r\n    53% {\r\n        opacity: 0;\r\n    }\r\n    54% {\r\n        opacity: 1;\r\n    }\r\n    100% {\r\n        transform: translateX(0);\r\n    }\r\n}\r\n\r\n.type-service h3 {font-size: 22.5px !important;}<\/style><div class=\"posts-wrap services-container has-ccols ccols-xl-3 ccols-md-2 ccols-1 has-ccols-spacing\" style=\"\"><div class=\"porto-tb-item service post-3792 type-service status-publish has-post-thumbnail hentry\"><div class=\"porto-section position-relative porto-gb-fb58778689a0dc478d30d07fe509a3e8\">\r\n\r\n\r\n\r\n<h3 class=\"porto-heading service-title porto-gb-1ae19af77482b928cafd1a0e7aecc78e post-title\" style=\"\"><a aria-label=\"Post Title\" href=\"https:\/\/www.vitaefisioterapia.com\/es\/servicio\/fisioterapia\/\">Fisioterapia<\/a><\/h3>\r\n\r\n<div class=\"porto-ibanner interactive-banner-wrap-07dd21040fa50768c9d370ae74e47015 porto-gb-0e10443c264636abc55996ee50e83835\" style=\"\"><\/div><\/div><\/div><div class=\"porto-tb-item service post-4504 type-service status-publish has-post-thumbnail hentry\"><div class=\"porto-section position-relative porto-gb-fb58778689a0dc478d30d07fe509a3e8\">\r\n\r\n\r\n\r\n<h3 class=\"porto-heading service-title porto-gb-1ae19af77482b928cafd1a0e7aecc78e post-title\" style=\"\"><a aria-label=\"Post Title\" href=\"https:\/\/www.vitaefisioterapia.com\/es\/servicio\/readaptacio-esportiva\/\">Readaptaci\u00f3n deportiva<\/a><\/h3>\r\n\r\n<div class=\"porto-ibanner interactive-banner-wrap-07dd21040fa50768c9d370ae74e47015 porto-gb-0e10443c264636abc55996ee50e83835\" style=\"\"><\/div><\/div><\/div><div class=\"porto-tb-item service post-3790 type-service status-publish has-post-thumbnail hentry\"><div class=\"porto-section position-relative porto-gb-fb58778689a0dc478d30d07fe509a3e8\">\r\n\r\n\r\n\r\n<h3 class=\"porto-heading service-title porto-gb-1ae19af77482b928cafd1a0e7aecc78e post-title\" style=\"\"><a aria-label=\"Post Title\" href=\"https:\/\/www.vitaefisioterapia.com\/es\/servicio\/entrenamientos-personales-y-en-grupo\/\">Entrenamiento personal y en grupo<\/a><\/h3>\r\n\r\n<div class=\"porto-ibanner interactive-banner-wrap-07dd21040fa50768c9d370ae74e47015 porto-gb-0e10443c264636abc55996ee50e83835\" style=\"\"><\/div><\/div><\/div><div class=\"porto-tb-item service post-3788 type-service status-publish has-post-thumbnail hentry\"><div class=\"porto-section position-relative porto-gb-fb58778689a0dc478d30d07fe509a3e8\">\r\n\r\n\r\n\r\n<h3 class=\"porto-heading service-title porto-gb-1ae19af77482b928cafd1a0e7aecc78e post-title\" style=\"\"><a aria-label=\"Post Title\" href=\"https:\/\/www.vitaefisioterapia.com\/es\/servicio\/actividades-presenciales-y-online\/\">Clases guiadas<\/a><\/h3>\r\n\r\n<div class=\"porto-ibanner interactive-banner-wrap-07dd21040fa50768c9d370ae74e47015 porto-gb-0e10443c264636abc55996ee50e83835\" style=\"\"><\/div><\/div><\/div><div class=\"porto-tb-item service post-4527 type-service status-publish has-post-thumbnail hentry\"><div class=\"porto-section position-relative porto-gb-fb58778689a0dc478d30d07fe509a3e8\">\r\n\r\n\r\n\r\n<h3 class=\"porto-heading service-title porto-gb-1ae19af77482b928cafd1a0e7aecc78e post-title\" style=\"\"><a aria-label=\"Post Title\" href=\"https:\/\/www.vitaefisioterapia.com\/es\/servicio\/cursos-i-tallers\/\">Cursos y talleres<\/a><\/h3>\r\n\r\n<div class=\"porto-ibanner interactive-banner-wrap-07dd21040fa50768c9d370ae74e47015 porto-gb-0e10443c264636abc55996ee50e83835\" style=\"\"><\/div><\/div><\/div><\/div><\/div>\t\t\t\t<\/div>\n\t\t\t\t<\/div>\n\t\t\t\t\t<\/div>\r\n\t\t\t\t<\/div>\r\n\t\t\t\t\t<\/div>\r\n\t\t\t\t<\/div>\r\n\t\t\t\t<\/div>\n\t\t","protected":false},"excerpt":{"rendered":"<p>En nuestro espacio de salud te ofrecemos una amplia variedad de tratamientos para cuidar tu bienestar. Integramos la fisioterapia y el ejercicio f\u00edsico para que avances paso a paso, te recuperes en el menor tiempo posible y mantengas los resultados en el tiempo. Trabajamos en equipo para asegurar una recuperaci\u00f3n efectiva e individualizada y que [&hellip;]<\/p>\n","protected":false},"author":1,"featured_media":0,"parent":0,"menu_order":2,"comment_status":"closed","ping_status":"closed","template":"","meta":{"_acf_changed":false,"footnotes":""},"class_list":["post-4289","page","type-page","status-publish","hentry"],"acf":[],"aioseo_notices":[],"_links":{"self":[{"href":"https:\/\/www.vitaefisioterapia.com\/es\/wp-json\/wp\/v2\/pages\/4289","targetHints":{"allow":["GET"]}}],"collection":[{"href":"https:\/\/www.vitaefisioterapia.com\/es\/wp-json\/wp\/v2\/pages"}],"about":[{"href":"https:\/\/www.vitaefisioterapia.com\/es\/wp-json\/wp\/v2\/types\/page"}],"author":[{"embeddable":true,"href":"https:\/\/www.vitaefisioterapia.com\/es\/wp-json\/wp\/v2\/users\/1"}],"replies":[{"embeddable":true,"href":"https:\/\/www.vitaefisioterapia.com\/es\/wp-json\/wp\/v2\/comments?post=4289"}],"version-history":[{"count":27,"href":"https:\/\/www.vitaefisioterapia.com\/es\/wp-json\/wp\/v2\/pages\/4289\/revisions"}],"predecessor-version":[{"id":5928,"href":"https:\/\/www.vitaefisioterapia.com\/es\/wp-json\/wp\/v2\/pages\/4289\/revisions\/5928"}],"wp:attachment":[{"href":"https:\/\/www.vitaefisioterapia.com\/es\/wp-json\/wp\/v2\/media?parent=4289"}],"curies":[{"name":"wp","href":"https:\/\/api.w.org\/{rel}","templated":true}]}}