{"id":5436,"date":"2025-10-21T13:07:21","date_gmt":"2025-10-21T11:07:21","guid":{"rendered":"https:\/\/www.vitaefisioterapia.com\/metode\/"},"modified":"2026-05-04T14:16:16","modified_gmt":"2026-05-04T12:16:16","slug":"metode","status":"publish","type":"page","link":"https:\/\/www.vitaefisioterapia.com\/es\/metode\/","title":{"rendered":"M\u00e9todo"},"content":{"rendered":"\t\t<div data-elementor-type=\"wp-page\" data-elementor-id=\"5436\" class=\"elementor elementor-5436 elementor-5416\" data-elementor-post-type=\"page\">\n\t\t\t\t\t\t<div class=\"elementor-section elementor-top-section elementor-element elementor-element-68c2a5d elementor-section-content-middle elementor-section-boxed elementor-section-height-default elementor-section-height-default\" data-id=\"68c2a5d\" data-element_type=\"section\" data-e-type=\"section\" data-settings=\"{&quot;background_background&quot;:&quot;classic&quot;}\">\r\n\t\t\r\n\t\t\t\t\t\t\t<div class=\"elementor-container elementor-column-gap-default\">\r\n\t\t\t\t\t\t\t\t\t\t\t<div class=\"elementor-column elementor-col-50 elementor-top-column elementor-element elementor-element-d0f06c5\" data-id=\"d0f06c5\" data-element_type=\"column\" data-e-type=\"column\">\r\n\t\t\t\t\t<div class=\"elementor-widget-wrap elementor-element-populated\">\r\n\t\t\t\t\t\t\t\t<div class=\"elementor-element elementor-element-3809350 elementor-invisible elementor-widget elementor-widget-porto_ultimate_heading\" data-id=\"3809350\" data-element_type=\"widget\" data-e-type=\"widget\" data-settings=\"{&quot;_animation&quot;:&quot;fadeIn&quot;,&quot;_animation_delay&quot;:250}\" data-widget_type=\"porto_ultimate_heading.default\">\n\t\t\t\t<div class=\"elementor-widget-container\">\n\t\t\t\t\t<div class=\"porto-u-heading  porto-u-50fd703e6afac6fded863bbd6c29d1c5\"><div class=\"porto-u-sub-heading\" style=\"margin-bottom:3px;\"><p>En Vitae Fisioterapia entendemos la recuperaci\u00f3n como un proceso integral: estructura, funci\u00f3n y emociones. Nuestro objetivo es que<strong> ganes salud y disfrutes<\/strong> de lo que m\u00e1s te gusta sin dolor, con autonom\u00eda y rendimiento. Por eso evaluamos tu caso con criterio y empat\u00eda, analizamos tu progreso y adaptamos cada paso a lo que necesitas.<\/p><p>En <strong>Grupo Vitae <\/strong>contamos con nuestra propia <a href=\"https:\/\/www.escuelavitae.com\/\">Escuela Universitaria<\/a>, donde convivimos con la investigaci\u00f3n y la innovaci\u00f3n. Esta conexi\u00f3n directa con el mundo acad\u00e9mico nos permite integrar los avances m\u00e1s recientes en la pr\u00e1ctica cl\u00ednica y convertir nuestro centro en un espacio de conocimiento y progreso continuo. Esto se traduce en protocolos actualizados, rigor y confianza de estar en manos que no dejan de aprender.<\/p><p>Trabajamos con un <strong>m\u00e9todo basado en ciencia, tecnolog\u00eda y empat\u00eda<\/strong>, con equipos de \u00faltima generaci\u00f3n y una capa digital que aporta precisi\u00f3n y transparencia en el seguimiento de tu evoluci\u00f3n. Entiende el \"por qu\u00e9\" de cada decisi\u00f3n y vuelve a tu d\u00eda a d\u00eda con energ\u00eda y seguridad.<\/p><\/div><style>.porto-u-50fd703e6afac6fded863bbd6c29d1c5.porto-u-heading{text-align:inherit}<\/style><\/div>\t\t\t\t<\/div>\n\t\t\t\t<\/div>\n\t\t\t\t\t<\/div>\r\n\t\t\t\t<\/div>\r\n\t\t\t\t<div class=\"elementor-column elementor-col-50 elementor-top-column elementor-element elementor-element-59b67ad\" data-id=\"59b67ad\" data-element_type=\"column\" data-e-type=\"column\">\r\n\t\t\t\t\t<div class=\"elementor-widget-wrap elementor-element-populated\">\r\n\t\t\t\t\t\t\t\t<div class=\"elementor-element elementor-element-7f24d94 img-tooth elementor-widget elementor-widget-image\" data-id=\"7f24d94\" data-element_type=\"widget\" data-e-type=\"widget\" data-widget_type=\"image.default\">\n\t\t\t\t<div class=\"elementor-widget-container\">\n\t\t\t\t\t\t\t\t\t\t\t\t\t\t\t<img fetchpriority=\"high\" decoding=\"async\" width=\"420\" height=\"480\" src=\"https:\/\/www.vitaefisioterapia.com\/wp-content\/uploads\/2025\/10\/metode.jpg\" class=\"attachment-full size-full wp-image-5431\" alt=\"\" srcset=\"https:\/\/www.vitaefisioterapia.com\/wp-content\/uploads\/2025\/10\/metode.jpg 420w, https:\/\/www.vitaefisioterapia.com\/wp-content\/uploads\/2025\/10\/metode-400x457.jpg 400w\" sizes=\"(max-width: 420px) 100vw, 420px\" \/>\t\t\t\t\t\t\t\t\t\t\t\t\t\t\t<\/div>\n\t\t\t\t<\/div>\n\t\t\t\t\t<\/div>\r\n\t\t\t\t<\/div>\r\n\t\t\t\t\t<\/div>\r\n\t\t\t\t<\/div>\r\n\t\t\t\t<div class=\"elementor-section elementor-top-section elementor-element elementor-element-8047b0b elementor-section-content-middle elementor-section-boxed elementor-section-height-default elementor-section-height-default\" data-id=\"8047b0b\" data-element_type=\"section\" data-e-type=\"section\" data-settings=\"{&quot;background_background&quot;:&quot;classic&quot;}\">\r\n\t\t\r\n\t\t\t\t\t\t\t<div class=\"elementor-container elementor-column-gap-default\">\r\n\t\t\t\t\t\t\t\t\t\t\t<div class=\"elementor-column elementor-col-100 elementor-top-column elementor-element elementor-element-f2c1347\" data-id=\"f2c1347\" data-element_type=\"column\" data-e-type=\"column\">\r\n\t\t\t\t\t<div class=\"elementor-widget-wrap elementor-element-populated\">\r\n\t\t\t\t\t\t\t\t<div class=\"elementor-element elementor-element-ae78a0a elementor-widget elementor-widget-porto_ultimate_heading\" data-id=\"ae78a0a\" data-element_type=\"widget\" data-e-type=\"widget\" data-widget_type=\"porto_ultimate_heading.default\">\n\t\t\t\t<div class=\"elementor-widget-container\">\n\t\t\t\t\t<div class=\"porto-u-heading  porto-u-ad87e2eaf3f9c495180fe0156ddf3eb0\"><div class=\"porto-u-main-heading\"><h2   >Tu recuperaci\u00f3n, paso a paso<\/h2><\/div><style>.porto-u-ad87e2eaf3f9c495180fe0156ddf3eb0.porto-u-heading{text-align:left}<\/style><\/div>\t\t\t\t<\/div>\n\t\t\t\t<\/div>\n\t\t\t\t<div class=\"elementor-element elementor-element-c7e4daf elementor-invisible elementor-widget elementor-widget-porto_ultimate_heading\" data-id=\"c7e4daf\" data-element_type=\"widget\" data-e-type=\"widget\" data-settings=\"{&quot;_animation&quot;:&quot;fadeIn&quot;,&quot;_animation_delay&quot;:250}\" data-widget_type=\"porto_ultimate_heading.default\">\n\t\t\t\t<div class=\"elementor-widget-container\">\n\t\t\t\t\t<div class=\"porto-u-heading  porto-u-50fd703e6afac6fded863bbd6c29d1c5\"><div class=\"porto-u-sub-heading\" style=\"margin-bottom:3px;\"><p><strong>VALORACI\u00d3N<\/strong><\/p><p>Hagamos una valoraci\u00f3n inicial, con herramientas objetivas y una mirada emp\u00e1tica para adaptarnos a tus necesidades reales y fijar objetivos claros.<\/p><p><strong>ESTRATEGIA<\/strong><\/p><p>Trazamos tu hoja de ruta con objetivos a corto, medio y largo plazo, respetando cada etapa del proceso con seguridad sin perder el rumbo.<\/p><p><strong>TRATAMIENTO<\/strong><\/p><p>Iniciamos la recuperaci\u00f3n\/prevenci\u00f3n con tratamientos de fisioterapia, manuales y\/o asistidos, con explicaciones claras en cada fase para que sepas qu\u00e9 hacemos y por qu\u00e9.<\/p><p><strong>ENTRENAMIENTO<\/strong><\/p><p>De forma paralela o posterior a los tratamientos, incorporamos la recuperaci\u00f3n activa con ejercicios personalizados con equipamiento de \u00faltima generaci\u00f3n.<\/p><p><strong>CONTROL<\/strong><\/p><p>Implementamos mecanismos de reevaluaci\u00f3n peri\u00f3dica para medir tu progreso y ajustar el plan. As\u00ed optimizamos resultados, evitamos reca\u00eddas y reforzamos tu confianza en cada etapa.<\/p><\/div><style>.porto-u-50fd703e6afac6fded863bbd6c29d1c5.porto-u-heading{text-align:inherit}<\/style><\/div>\t\t\t\t<\/div>\n\t\t\t\t<\/div>\n\t\t\t\t<div class=\"elementor-element elementor-element-27134d5 elementor-invisible elementor-widget elementor-widget-porto_button\" data-id=\"27134d5\" data-element_type=\"widget\" data-e-type=\"widget\" data-settings=\"{&quot;_animation&quot;:&quot;fadeIn&quot;,&quot;_animation_delay&quot;:750,&quot;align&quot;:&quot;left&quot;}\" data-widget_type=\"porto_button.default\">\n\t\t\t\t<div class=\"elementor-widget-container\">\n\t\t\t\t\t<a class=\"btn btn-xl btn-primary\" href=\"https:\/\/wa.me\/34626543604\"><span >Quiero empezar ya<\/span><\/a>\t\t\t\t<\/div>\n\t\t\t\t<\/div>\n\t\t\t\t\t<\/div>\r\n\t\t\t\t<\/div>\r\n\t\t\t\t\t<\/div>\r\n\t\t\t\t<\/div>\r\n\t\t\t\t<\/div>\n\t\t","protected":false},"excerpt":{"rendered":"<p>En Vitae Fisioterapia entendemos la recuperaci\u00f3n como un proceso integral: estructura, funci\u00f3n y emociones. Nuestro objetivo es que ganes salud y disfrutes de lo que m\u00e1s te gusta sin dolor, con autonom\u00eda y rendimiento. Por eso evaluamos tu caso con criterio y empat\u00eda, analizamos tu progreso y adaptamos cada paso a lo que necesitas. En [&hellip;]<\/p>\n","protected":false},"author":1,"featured_media":0,"parent":0,"menu_order":1,"comment_status":"closed","ping_status":"closed","template":"","meta":{"_acf_changed":false,"footnotes":""},"class_list":["post-5436","page","type-page","status-publish","hentry"],"acf":[],"aioseo_notices":[],"_links":{"self":[{"href":"https:\/\/www.vitaefisioterapia.com\/es\/wp-json\/wp\/v2\/pages\/5436","targetHints":{"allow":["GET"]}}],"collection":[{"href":"https:\/\/www.vitaefisioterapia.com\/es\/wp-json\/wp\/v2\/pages"}],"about":[{"href":"https:\/\/www.vitaefisioterapia.com\/es\/wp-json\/wp\/v2\/types\/page"}],"author":[{"embeddable":true,"href":"https:\/\/www.vitaefisioterapia.com\/es\/wp-json\/wp\/v2\/users\/1"}],"replies":[{"embeddable":true,"href":"https:\/\/www.vitaefisioterapia.com\/es\/wp-json\/wp\/v2\/comments?post=5436"}],"version-history":[{"count":39,"href":"https:\/\/www.vitaefisioterapia.com\/es\/wp-json\/wp\/v2\/pages\/5436\/revisions"}],"predecessor-version":[{"id":6103,"href":"https:\/\/www.vitaefisioterapia.com\/es\/wp-json\/wp\/v2\/pages\/5436\/revisions\/6103"}],"wp:attachment":[{"href":"https:\/\/www.vitaefisioterapia.com\/es\/wp-json\/wp\/v2\/media?parent=5436"}],"curies":[{"name":"wp","href":"https:\/\/api.w.org\/{rel}","templated":true}]}}