{"id":5870,"date":"2025-10-30T10:49:25","date_gmt":"2025-10-30T09:49:25","guid":{"rendered":"https:\/\/www.vitaefisioterapia.com\/avis-legal\/"},"modified":"2025-10-30T11:16:59","modified_gmt":"2025-10-30T10:16:59","slug":"aviso-legal","status":"publish","type":"page","link":"https:\/\/www.vitaefisioterapia.com\/es\/aviso-legal\/","title":{"rendered":"Aviso legal"},"content":{"rendered":"\t\t<div data-elementor-type=\"wp-page\" data-elementor-id=\"5870\" class=\"elementor elementor-5870 elementor-5845\" data-elementor-post-type=\"page\">\n\t\t\t\t\t\t<div class=\"elementor-section elementor-top-section elementor-element elementor-element-68c2a5d elementor-section-content-middle elementor-section-boxed elementor-section-height-default elementor-section-height-default\" data-id=\"68c2a5d\" data-element_type=\"section\" data-e-type=\"section\" data-settings=\"{&quot;background_background&quot;:&quot;classic&quot;}\">\r\n\t\t\r\n\t\t\t\t\t\t\t<div class=\"elementor-container elementor-column-gap-default\">\r\n\t\t\t\t\t\t\t\t\t\t\t<div class=\"elementor-column elementor-col-100 elementor-top-column elementor-element elementor-element-d0f06c5\" data-id=\"d0f06c5\" data-element_type=\"column\" data-e-type=\"column\">\r\n\t\t\t\t\t<div class=\"elementor-widget-wrap elementor-element-populated\">\r\n\t\t\t\t\t\t\t\t<div class=\"elementor-element elementor-element-534647c elementor-widget elementor-widget-text-editor\" data-id=\"534647c\" data-element_type=\"widget\" data-e-type=\"widget\" data-widget_type=\"text-editor.default\">\n\t\t\t\t<div class=\"elementor-widget-container\">\n\t\t\t\t\t\t\t\t\t<p>En compliment de la Llei 34\/2002, d\u201911 de juliol, de Serveis de la Societat de la Informaci\u00f3 i de Comer\u00e7 electr\u00f2nic, s\u2019informa a l\u2019usuari que el titular de la p\u00e0gina web www.vitaefisioterapia.com \u00e9s de la societat VITAE CENTRE DE FISIOTER\u00c0PIA I SALUT SL, SL (d\u2019ara endavant, VITAE FISIOTER\u00c0PIA), i les seves dades d\u2019identificaci\u00f3 s\u00f3n les seg\u00fcents:<\/p><p>Responsable: VITAE CENTRE DE FISIOTER\u00c0PIA I SALUT SL (en endavant, VITAE FISIOTER\u00c0PIA)<\/p><p>NIF: B75309153<br \/>Domicili social: C\/Balmes 209 \u2013 de (Barcelona)<br \/>Codi postal: 08006<br \/>Localitat: Barcelona<br \/>Provincia: Barcelona<br \/>Adre\u00e7a electr\u00f2nica: <a href=\"mailto:info@vitaefisioterapia.com\">info@vitaefisioterapia.com<\/a><\/p>\t\t\t\t\t\t\t\t<\/div>\n\t\t\t\t<\/div>\n\t\t\t\t<div class=\"elementor-element elementor-element-3809350 elementor-invisible elementor-widget elementor-widget-porto_ultimate_heading\" data-id=\"3809350\" data-element_type=\"widget\" data-e-type=\"widget\" data-settings=\"{&quot;_animation&quot;:&quot;fadeIn&quot;,&quot;_animation_delay&quot;:250}\" data-widget_type=\"porto_ultimate_heading.default\">\n\t\t\t\t<div class=\"elementor-widget-container\">\n\t\t\t\t\t<div class=\"porto-u-heading  porto-u-50fd703e6afac6fded863bbd6c29d1c5\"><div class=\"porto-u-main-heading\"><h3    style=\"margin-bottom: 1.5rem;\">1. Accedir a la p\u00e0gina web<\/h3><\/div><div class=\"porto-u-sub-heading\" style=\"margin-bottom:3px;\"><p>L\u2019Av\u00eds Legal regula l\u2019acc\u00e9s i \u00fas dels usuaris en la p\u00e0gina web i t\u00e9 per objectiu donar a con\u00e8ixer els serveis de la consulta i permetre l\u2019acc\u00e9s general de tots els usuaris d\u2019Internet.<\/p><p>L\u2019acc\u00e9s i \/ o \u00fas de la web atribueix a qui el realitza la condici\u00f3 d\u2019usuari i l\u2019acceptaci\u00f3, sense reserves de cap classe, de totes i cadascuna de les presents condicions generals, aix\u00ed com d\u2019aquelles altres particulars que, en el seu cas, regeixin la utilitzaci\u00f3 del portal o dels serveis vinculats a aquest.<\/p><p>L\u2019usuari ha de llegir atentament l\u2019Av\u00eds Legal i les Pol\u00edtiques de Privacitat i de Cookies quan es proposi utilitzar la p\u00e0gina web, ja que VITAE FISIOTER\u00c0PIA reserva la facultat de realitzar, en qualsevol moment i sense necessitat de preav\u00eds, qualsevol modificaci\u00f3 o actualitzaci\u00f3 dels continguts i serveis, de les presents disposicions d\u2019acc\u00e9s i \u00fas i, en general, de quants elements integrin el disseny i configuraci\u00f3 de la seva web. Si no accepta les condicions d\u2019acc\u00e9s i \u00fas, li preguem que s\u2019abstingui d\u2019utilitzar la web i el seu contingut.<\/p><\/div><style>.porto-u-50fd703e6afac6fded863bbd6c29d1c5.porto-u-heading{text-align:inherit}<\/style><\/div>\t\t\t\t<\/div>\n\t\t\t\t<\/div>\n\t\t\t\t<div class=\"elementor-element elementor-element-1a39c15 elementor-invisible elementor-widget elementor-widget-porto_ultimate_heading\" data-id=\"1a39c15\" data-element_type=\"widget\" data-e-type=\"widget\" data-settings=\"{&quot;_animation&quot;:&quot;fadeIn&quot;,&quot;_animation_delay&quot;:250}\" data-widget_type=\"porto_ultimate_heading.default\">\n\t\t\t\t<div class=\"elementor-widget-container\">\n\t\t\t\t\t<div class=\"porto-u-heading  porto-u-50fd703e6afac6fded863bbd6c29d1c5\"><div class=\"porto-u-main-heading\"><h3    style=\"margin-bottom: 1.5rem;\">2. Utilitzaci\u00f3 de la p\u00e0gina web<\/h3><\/div><div class=\"porto-u-sub-heading\" style=\"margin-bottom:3px;\"><p>L\u2019usuari es compromet a fer un \u00fas diligent de la p\u00e0gina web, aix\u00ed com de la informaci\u00f3 relativa als seus serveis i \/ o activitats, amb total subjecci\u00f3 tant a la normativa aplicable, aix\u00ed com amb la moral i els bons costums generalment acceptades i l\u2019ordre p\u00fablic, les condicions d\u2019acc\u00e9s i \u00fas i qualssevol altres condicions establertes en la p\u00e0gina web.<\/p><p>A m\u00e9s, es compromet a abstenir-se d\u2019utilitzar qualsevol dels continguts amb finalitats o efectes il\u00b7l\u00edcits, prohibits en el present text, lesius dels drets i interessos de tercers, o que de qualsevol forma puguin danyar, inutilitzar, sobrecarregar, deteriorar o impedir la normal utilitzaci\u00f3 dels continguts, d\u2019altres Usuaris o de qualsevol usuari d\u2019Internet (hardware y software).<\/p><\/div><style>.porto-u-50fd703e6afac6fded863bbd6c29d1c5.porto-u-heading{text-align:inherit}<\/style><\/div>\t\t\t\t<\/div>\n\t\t\t\t<\/div>\n\t\t\t\t<div class=\"elementor-element elementor-element-87fd809 elementor-invisible elementor-widget elementor-widget-porto_ultimate_heading\" data-id=\"87fd809\" data-element_type=\"widget\" data-e-type=\"widget\" data-settings=\"{&quot;_animation&quot;:&quot;fadeIn&quot;,&quot;_animation_delay&quot;:250}\" data-widget_type=\"porto_ultimate_heading.default\">\n\t\t\t\t<div class=\"elementor-widget-container\">\n\t\t\t\t\t<div class=\"porto-u-heading  porto-u-50fd703e6afac6fded863bbd6c29d1c5\"><div class=\"porto-u-main-heading\"><h3    style=\"margin-bottom: 1.5rem;\">3. Funcionament de la p\u00e0gina web<\/h3><\/div><div class=\"porto-u-sub-heading\" style=\"margin-bottom:3px;\"><p>En cas d\u2019incompliment de les condicions de l\u2019Av\u00eds Legal, o les Pol\u00edtiques de Privacitat i Cookies, VITAE FISIOTER\u00c0PIA es reserva el dret a limitar, suspendre i \/ o excloure l\u2019acc\u00e9s a la seva p\u00e0gina Web, adoptant qualsevol mesura t\u00e8cnica necess\u00e0ria al seu respecte. VITAE FISIOTER\u00c0PIA far\u00e0 el possible per a mantenir la p\u00e0gina Web en bon funcionament, evitant errors, o b\u00e9 reparant-los i mantenint els continguts actualitzats. Ara b\u00e9, VITAE FISIOTER\u00c0PIA no garanteix la disponibilitat i continu\u00eftat en l\u2019acc\u00e9s a la P\u00e0gina Web ni la inexist\u00e8ncia d\u2019errors en el contingut.<\/p><\/div><style>.porto-u-50fd703e6afac6fded863bbd6c29d1c5.porto-u-heading{text-align:inherit}<\/style><\/div>\t\t\t\t<\/div>\n\t\t\t\t<\/div>\n\t\t\t\t<div class=\"elementor-element elementor-element-2555fc3 elementor-invisible elementor-widget elementor-widget-porto_ultimate_heading\" data-id=\"2555fc3\" data-element_type=\"widget\" data-e-type=\"widget\" data-settings=\"{&quot;_animation&quot;:&quot;fadeIn&quot;,&quot;_animation_delay&quot;:250}\" data-widget_type=\"porto_ultimate_heading.default\">\n\t\t\t\t<div class=\"elementor-widget-container\">\n\t\t\t\t\t<div class=\"porto-u-heading  porto-u-50fd703e6afac6fded863bbd6c29d1c5\"><div class=\"porto-u-main-heading\"><h3    style=\"margin-bottom: 1.5rem;\">4. Responsabilitats<\/h3><\/div><div class=\"porto-u-sub-heading\" style=\"margin-bottom:3px;\"><p>L\u2019usuari \u00e9s l\u2019\u00fanic responsable de l\u2019\u00fas que pugui fer-se de qualsevol informaci\u00f3 o mecanisme de la p\u00e0gina web.<\/p><p>VITAE FISIOTER\u00c0PIA no es far\u00e0 responsable de cap mal en el hardware y \/ o software de l\u2019usuari que es derivi de l\u2019acc\u00e9s i \u00fas de la p\u00e0gina web. Aix\u00ed mateix, tampoc es responsabilitzar\u00e0 d\u2019aquests danys i \/ o perjudicis que es puguin ocasionar per l\u2019acc\u00e9s i \/ o \u00fas de la informaci\u00f3 de la p\u00e0gina web, i en concret els que es puguin produir en sistemes inform\u00e0tics o els provocats per virus \/ o atacs inform\u00e0tics, caigudes, interrupcions abs\u00e8ncia o defecte en les comunicacions i \/ o Internet.<\/p><p>L\u2019usuari ser\u00e0 responsable dels danys i \/ o perjudicis que VITAE FISIOTER\u00c0PIA pugui patir a conseq\u00fc\u00e8ncia de l\u2019incompliment de qualsevol de les obligacions a les quals queda sotm\u00e8s a trav\u00e9s del present Av\u00eds Legal, la normativa aplicable i Pol\u00edtica de Privacitat i de Cookies.<\/p><\/div><style>.porto-u-50fd703e6afac6fded863bbd6c29d1c5.porto-u-heading{text-align:inherit}<\/style><\/div>\t\t\t\t<\/div>\n\t\t\t\t<\/div>\n\t\t\t\t<div class=\"elementor-element elementor-element-34710b0 elementor-invisible elementor-widget elementor-widget-porto_ultimate_heading\" data-id=\"34710b0\" data-element_type=\"widget\" data-e-type=\"widget\" data-settings=\"{&quot;_animation&quot;:&quot;fadeIn&quot;,&quot;_animation_delay&quot;:250}\" data-widget_type=\"porto_ultimate_heading.default\">\n\t\t\t\t<div class=\"elementor-widget-container\">\n\t\t\t\t\t<div class=\"porto-u-heading  porto-u-50fd703e6afac6fded863bbd6c29d1c5\"><div class=\"porto-u-main-heading\"><h3    style=\"margin-bottom: 1.5rem;\">5. Pol\u00edtica en mat\u00e8ria de \u201clinks\u201d (web enlla\u00e7ant i web enlla\u00e7ada)<\/h3><\/div><div class=\"porto-u-sub-heading\" style=\"margin-bottom:3px;\"><p>a) Web enlla\u00e7ant:<br \/>Els tercers que tinguin la intenci\u00f3 d\u2019incloure en una p\u00e0gina web un enlla\u00e7 de la present p\u00e0gina web hauran de complir amb la legislaci\u00f3 vigent i no podran allotjar continguts que siguin inapropiats, il\u00b7l\u00edcits, pornogr\u00e0fics, violents, etc.<\/p><p>En cap cas VITAE FISIOTER\u00c0PIA es fa responsable del contingut de la p\u00e0gina web, ni promou, garanteix, supervisa ni recomana els continguts d\u2019aquesta. Si la web enlla\u00e7ant incompleix algun dels aspectes anteriors estar\u00e0 obligat a suprimir l\u2019enlla\u00e7 de manera immediata.<\/p><p>b) Web enlla\u00e7ada:<br \/>En aquesta p\u00e0gina web es poden incloure enlla\u00e7os de p\u00e0gines web de tercers que permetin a l\u2019usuari accedir. No obstant aix\u00f2, VITAE FISIOTER\u00c0PIA no es fa responsable del contingut d\u2019aquestes p\u00e0gines web enlla\u00e7ades, sin\u00f3 que ser\u00e0 l\u2019usuari l\u2019encarregat d\u2019acceptar i comprovar els accessos cada vegada que accedeixi. Tals enlla\u00e7os o esments tenen una finalitat que no impliquen el suport, aprovaci\u00f3, comercialitzaci\u00f3 o cap relaci\u00f3 entre la p\u00e0gina i les persones o entitats titulars dels llocs on es trobin.<\/p><\/div><style>.porto-u-50fd703e6afac6fded863bbd6c29d1c5.porto-u-heading{text-align:inherit}<\/style><\/div>\t\t\t\t<\/div>\n\t\t\t\t<\/div>\n\t\t\t\t<div class=\"elementor-element elementor-element-eec600e elementor-invisible elementor-widget elementor-widget-porto_ultimate_heading\" data-id=\"eec600e\" data-element_type=\"widget\" data-e-type=\"widget\" data-settings=\"{&quot;_animation&quot;:&quot;fadeIn&quot;,&quot;_animation_delay&quot;:250}\" data-widget_type=\"porto_ultimate_heading.default\">\n\t\t\t\t<div class=\"elementor-widget-container\">\n\t\t\t\t\t<div class=\"porto-u-heading  porto-u-50fd703e6afac6fded863bbd6c29d1c5\"><div class=\"porto-u-main-heading\"><h3    style=\"margin-bottom: 1.5rem;\">6. Propietat intelectual i industrial respecte els continguts<\/h3><\/div><div class=\"porto-u-sub-heading\" style=\"margin-bottom:3px;\"><p>VITAE FISIOTER\u00c0PIA o els seus llicenciadors, s\u00f3n titulars de tots els drets de propietat intel\u00b7lectual sobre els continguts de la p\u00e0gina web, entenent com a tal tots els dissenys, bases de dades, programes de computadores subjacents (codi font, incl\u00f2s ), aix\u00ed com els diferents elements que integren la P\u00e0gina Web (textos, gr\u00e0fics, fotografies, v\u00eddeos, colors, etc.), estructura, ordre, etc.<\/p><p>En relaci\u00f3 a les marques i noms comercials (\u201csignes distintius\u201d) s\u00f3n titularitat de VITAE FISIOTER\u00c0PIA o els llicenciadors.<\/p><p>L\u2019\u00fas de la p\u00e0gina web per part de l\u2019usuari no suposa la cessi\u00f3 de cap dret de propietat intel\u00b7lectual ni industrial. L\u2019usuari t\u00e9 totalment prohibit reproduir, copiar, distribuir, posar a disposici\u00f3 o de qualsevol altra manera de comunicar p\u00fablicament, transformar o modificar els continguts o els signes distintius, tret que es compti amb l\u2019autoritzaci\u00f3 del titular dels corresponents drets o aix\u00f2 resulti legalment perm\u00e8s.<\/p><\/div><style>.porto-u-50fd703e6afac6fded863bbd6c29d1c5.porto-u-heading{text-align:inherit}<\/style><\/div>\t\t\t\t<\/div>\n\t\t\t\t<\/div>\n\t\t\t\t<div class=\"elementor-element elementor-element-0643407 elementor-invisible elementor-widget elementor-widget-porto_ultimate_heading\" data-id=\"0643407\" data-element_type=\"widget\" data-e-type=\"widget\" data-settings=\"{&quot;_animation&quot;:&quot;fadeIn&quot;,&quot;_animation_delay&quot;:250}\" data-widget_type=\"porto_ultimate_heading.default\">\n\t\t\t\t<div class=\"elementor-widget-container\">\n\t\t\t\t\t<div class=\"porto-u-heading  porto-u-50fd703e6afac6fded863bbd6c29d1c5\"><div class=\"porto-u-main-heading\"><h3    style=\"margin-bottom: 1.5rem;\">7. Publicitat<\/h3><\/div><div class=\"porto-u-sub-heading\" style=\"margin-bottom:3px;\"><p>En la p\u00e0gina web podran allotjar-se continguts publicitaris o patrocinats. Els anunciants o patrocinadors s\u00f3n els \u00fanics responsables d\u2019assegurar-se que el material rem\u00e8s per a la seva inclusi\u00f3 en la Web compleix amb les lleis que en cada cas puguin ser aplicable.<\/p><p><b>VITAE FISIOTER\u00c0PIA<\/b><span style=\"font-weight: 400;\"> no ser\u00e0 responsable de qualsevol error, inexactitud o irregularitat que puguin contenir els continguts publicitaris o dels patrocinadors.<\/span><\/p><\/div><style>.porto-u-50fd703e6afac6fded863bbd6c29d1c5.porto-u-heading{text-align:inherit}<\/style><\/div>\t\t\t\t<\/div>\n\t\t\t\t<\/div>\n\t\t\t\t<div class=\"elementor-element elementor-element-b0e5ec8 elementor-invisible elementor-widget elementor-widget-porto_ultimate_heading\" data-id=\"b0e5ec8\" data-element_type=\"widget\" data-e-type=\"widget\" data-settings=\"{&quot;_animation&quot;:&quot;fadeIn&quot;,&quot;_animation_delay&quot;:250}\" data-widget_type=\"porto_ultimate_heading.default\">\n\t\t\t\t<div class=\"elementor-widget-container\">\n\t\t\t\t\t<div class=\"porto-u-heading  porto-u-50fd703e6afac6fded863bbd6c29d1c5\"><div class=\"porto-u-main-heading\"><h3    style=\"margin-bottom: 1.5rem;\">8. Legislaci\u00f3<\/h3><\/div><div class=\"porto-u-sub-heading\" style=\"margin-bottom:3px;\"><p>L\u2019Av\u00eds Legal es regir\u00e0 i interpretar\u00e0 de conformitat amb la legislaci\u00f3 espanyola. Per a la resoluci\u00f3 de qualsevol conflicte que pogu\u00e9s derivar-se de l\u2019acc\u00e9s al lloc web, es sotmetran als jutjats o tribunals pertinents de conformitat amb la normativa de consumidors i usuaris.<\/p><\/div><style>.porto-u-50fd703e6afac6fded863bbd6c29d1c5.porto-u-heading{text-align:inherit}<\/style><\/div>\t\t\t\t<\/div>\n\t\t\t\t<\/div>\n\t\t\t\t<div class=\"elementor-element elementor-element-d269582 elementor-invisible elementor-widget elementor-widget-porto_ultimate_heading\" data-id=\"d269582\" data-element_type=\"widget\" data-e-type=\"widget\" data-settings=\"{&quot;_animation&quot;:&quot;fadeIn&quot;,&quot;_animation_delay&quot;:250}\" data-widget_type=\"porto_ultimate_heading.default\">\n\t\t\t\t<div class=\"elementor-widget-container\">\n\t\t\t\t\t<div class=\"porto-u-heading  porto-u-50fd703e6afac6fded863bbd6c29d1c5\"><div class=\"porto-u-main-heading\"><h3    style=\"margin-bottom: 1.5rem;\">9. Contacte<\/h3><\/div><div class=\"porto-u-sub-heading\" style=\"margin-bottom:3px;\"><p><span style=\"font-weight: 400;\">Per a qualsevol pregunta o comentari sobre el present Av\u00eds Legal pot posar-se en contacte amb nosaltres a trav\u00e9s del correu electr\u00f2nic info@vitaefisioterapia.com<\/span><\/p><\/div><style>.porto-u-50fd703e6afac6fded863bbd6c29d1c5.porto-u-heading{text-align:inherit}<\/style><\/div>\t\t\t\t<\/div>\n\t\t\t\t<\/div>\n\t\t\t\t\t<\/div>\r\n\t\t\t\t<\/div>\r\n\t\t\t\t\t<\/div>\r\n\t\t\t\t<\/div>\r\n\t\t\t\t<\/div>\n\t\t","protected":false},"excerpt":{"rendered":"<p>En compliment de la Llei 34\/2002, d\u201911 de juliol, de Serveis de la Societat de la Informaci\u00f3 i de Comer\u00e7 electr\u00f2nic, s\u2019informa a l\u2019usuari que el titular de la p\u00e0gina web www.vitaefisioterapia.com \u00e9s de la societat VITAE CENTRE DE FISIOTER\u00c0PIA I SALUT SL, SL (d\u2019ara endavant, VITAE FISIOTER\u00c0PIA), i les seves dades d\u2019identificaci\u00f3 s\u00f3n les [&hellip;]<\/p>\n","protected":false},"author":1,"featured_media":0,"parent":0,"menu_order":1,"comment_status":"closed","ping_status":"closed","template":"","meta":{"_acf_changed":false,"footnotes":""},"class_list":["post-5870","page","type-page","status-publish","hentry"],"acf":[],"aioseo_notices":[],"_links":{"self":[{"href":"https:\/\/www.vitaefisioterapia.com\/es\/wp-json\/wp\/v2\/pages\/5870","targetHints":{"allow":["GET"]}}],"collection":[{"href":"https:\/\/www.vitaefisioterapia.com\/es\/wp-json\/wp\/v2\/pages"}],"about":[{"href":"https:\/\/www.vitaefisioterapia.com\/es\/wp-json\/wp\/v2\/types\/page"}],"author":[{"embeddable":true,"href":"https:\/\/www.vitaefisioterapia.com\/es\/wp-json\/wp\/v2\/users\/1"}],"replies":[{"embeddable":true,"href":"https:\/\/www.vitaefisioterapia.com\/es\/wp-json\/wp\/v2\/comments?post=5870"}],"version-history":[{"count":2,"href":"https:\/\/www.vitaefisioterapia.com\/es\/wp-json\/wp\/v2\/pages\/5870\/revisions"}],"predecessor-version":[{"id":5878,"href":"https:\/\/www.vitaefisioterapia.com\/es\/wp-json\/wp\/v2\/pages\/5870\/revisions\/5878"}],"wp:attachment":[{"href":"https:\/\/www.vitaefisioterapia.com\/es\/wp-json\/wp\/v2\/media?parent=5870"}],"curies":[{"name":"wp","href":"https:\/\/api.w.org\/{rel}","templated":true}]}}