{"id":5871,"date":"2025-10-30T10:49:06","date_gmt":"2025-10-30T09:49:06","guid":{"rendered":"https:\/\/www.vitaefisioterapia.com\/politica-de-cookies\/"},"modified":"2025-10-30T11:17:13","modified_gmt":"2025-10-30T10:17:13","slug":"politica-de-cookies","status":"publish","type":"page","link":"https:\/\/www.vitaefisioterapia.com\/es\/politica-de-cookies\/","title":{"rendered":"Pol\u00edtica de cookies"},"content":{"rendered":"\t\t<div data-elementor-type=\"wp-page\" data-elementor-id=\"5871\" class=\"elementor elementor-5871 elementor-5843\" data-elementor-post-type=\"page\">\n\t\t\t\t\t\t<div class=\"elementor-section elementor-top-section elementor-element elementor-element-68c2a5d elementor-section-content-middle elementor-section-boxed elementor-section-height-default elementor-section-height-default\" data-id=\"68c2a5d\" data-element_type=\"section\" data-e-type=\"section\" data-settings=\"{&quot;background_background&quot;:&quot;classic&quot;}\">\r\n\t\t\r\n\t\t\t\t\t\t\t<div class=\"elementor-container elementor-column-gap-default\">\r\n\t\t\t\t\t\t\t\t\t\t\t<div class=\"elementor-column elementor-col-100 elementor-top-column elementor-element elementor-element-d0f06c5\" data-id=\"d0f06c5\" data-element_type=\"column\" data-e-type=\"column\">\r\n\t\t\t\t\t<div class=\"elementor-widget-wrap elementor-element-populated\">\r\n\t\t\t\t\t\t\t\t<div class=\"elementor-element elementor-element-5ddab90 elementor-widget elementor-widget-text-editor\" data-id=\"5ddab90\" data-element_type=\"widget\" data-e-type=\"widget\" data-widget_type=\"text-editor.default\">\n\t\t\t\t<div class=\"elementor-widget-container\">\n\t\t\t\t\t\t\t\t\t<p>Aquest lloc web utilitza cookies pr\u00f2pies i de tercers per recopilar informaci\u00f3 estad\u00edstica sobre la navegaci\u00f3 dels usuaris i millorar els seus serveis amb les seves prefer\u00e8ncies, generats a partir dels seus h\u00e0bits de navegaci\u00f3. No s&#8217;emmagatzemaran les galetes al seu terminal per a les finalitats esmentades si l&#8217;Usuari no hagi consentit expressament.<\/p>\t\t\t\t\t\t\t\t<\/div>\n\t\t\t\t<\/div>\n\t\t\t\t<div class=\"elementor-element elementor-element-5b189fe elementor-invisible elementor-widget elementor-widget-porto_ultimate_heading\" data-id=\"5b189fe\" data-element_type=\"widget\" data-e-type=\"widget\" data-settings=\"{&quot;_animation&quot;:&quot;fadeIn&quot;,&quot;_animation_delay&quot;:250}\" data-widget_type=\"porto_ultimate_heading.default\">\n\t\t\t\t<div class=\"elementor-widget-container\">\n\t\t\t\t\t<div class=\"porto-u-heading  porto-u-50fd703e6afac6fded863bbd6c29d1c5\"><div class=\"porto-u-main-heading\"><h3    style=\"margin-bottom: 1.5rem;\">Qu\u00e8 s\u00f3n les cookies i per qu\u00e8 les utilitzem a la web?<\/h3><\/div><div class=\"porto-u-sub-heading\" style=\"margin-bottom:3px;\"><p>Una cookie \u00e9s un fitxer que es descarrega al dispositiu de l'usuari en accedir a determinats llocs web per emmagatzemar i recuperar informaci\u00f3 sobre la navegaci\u00f3 que s'efectua des del vostre equip.<\/p><p>Les cookies permeten a aquesta web, entre altres coses, emmagatzemar i recuperar informaci\u00f3 sobre les decisions i els h\u00e0bits de l'usuari. A la present web les cookies que existeixen s\u00f3n necess\u00e0ries per al funcionament d'aquesta.<\/p><p>\u00c9s important destacar que l'\u00fas de cookies no proporciona dades personals de l'usuari.<\/p><\/div><style>.porto-u-50fd703e6afac6fded863bbd6c29d1c5.porto-u-heading{text-align:inherit}<\/style><\/div>\t\t\t\t<\/div>\n\t\t\t\t<\/div>\n\t\t\t\t<div class=\"elementor-element elementor-element-f18a76b elementor-invisible elementor-widget elementor-widget-porto_ultimate_heading\" data-id=\"f18a76b\" data-element_type=\"widget\" data-e-type=\"widget\" data-settings=\"{&quot;_animation&quot;:&quot;fadeIn&quot;,&quot;_animation_delay&quot;:250}\" data-widget_type=\"porto_ultimate_heading.default\">\n\t\t\t\t<div class=\"elementor-widget-container\">\n\t\t\t\t\t<div class=\"porto-u-heading  porto-u-50fd703e6afac6fded863bbd6c29d1c5\"><div class=\"porto-u-main-heading\"><h3    style=\"margin-bottom: 1.5rem;\">Quins tipus de cookies hi ha?<\/h3><\/div><div class=\"porto-u-sub-heading\" style=\"margin-bottom:3px;\"><p>Les cookies, en funci\u00f3 del temps que romanen activades, poden dividir-se en cookies de sessi\u00f3 o permanents:<\/p><p><strong>Galetes de sessi\u00f3 i persistents:<\/strong> Les cookiesde sessi\u00f3 estan dissenyades per a demanar i emmagatzemar dades mentre l'usuari accedeix a una p\u00e0gina web. Se solen utilitzar per emmagatzemar informaci\u00f3 que nom\u00e9s interessa conservar per a la prestaci\u00f3 del servei sol\u00b7licitat per l'usuari en una sola ocasi\u00f3. En el cas de les persistents, les dades continuen emmagatzemades al dispositiu durant un per\u00edode de temps determinat, facilitant aix\u00ed el control de les prefer\u00e8ncies triades sense tornar a repetir certs par\u00e0metres cada vegada que es visita el lloc web.<\/p><p>Addicionalment, segons l'entitat que les gestioni, les cookies es poden classificar en pr\u00f2pies o de tercer:<\/p><p><strong>Cookies pr\u00f2pies o de tercers:<\/strong> Les cookies pr\u00f2pies s\u00f3n aquelles que s'envien a l'equip terminal de l'usuari des d'un equip o domini gestionat pel mateix editor i des del qual es presta el servei sol\u00b7licitat per l'usuari. En canvi, les galetes de tercers s\u00f3n les que s'envien al terminal de l'usuari des d'un equip o domini que no \u00e9s gestionat per l'editor, sin\u00f3 per una altra entitat que tracta les dades obtingudes a trav\u00e9s de les galetes.<\/p><p>Pel que fa a finalitat, les cookies poden ser:<\/p><p><strong>Galetes t\u00e8cniques \/ personalitzaci\u00f3 \/ an\u00e0lisi \/ publicit\u00e0ries:<\/strong> les cookies t\u00e8cniques serien les que permeten controlar el tr\u00e0nsit i la comunicaci\u00f3 de dades; les de personalitzaci\u00f3, les que deixen als usuaris accedir segons algunes caracter\u00edstiques pr\u00f2pies que es recullen (navegador, idioma, etc.). Les d'an\u00e0lisi s\u00f3n aquelles que permeten al responsable de les mateixes, el seguiment i la mida del comportament dels usuaris dels llocs web als quals estan vinculades, recullen dades sobre el comportament dels usuaris i permeten elaborar un perfil d'usuari. Finalment, les publicit\u00e0ries recullen dades sobre la gesti\u00f3 dels espais publicitaris.<\/p><\/div><style>.porto-u-50fd703e6afac6fded863bbd6c29d1c5.porto-u-heading{text-align:inherit}<\/style><\/div>\t\t\t\t<\/div>\n\t\t\t\t<\/div>\n\t\t\t\t<div class=\"elementor-element elementor-element-65f6c1b elementor-invisible elementor-widget elementor-widget-porto_ultimate_heading\" data-id=\"65f6c1b\" data-element_type=\"widget\" data-e-type=\"widget\" data-settings=\"{&quot;_animation&quot;:&quot;fadeIn&quot;,&quot;_animation_delay&quot;:250}\" data-widget_type=\"porto_ultimate_heading.default\">\n\t\t\t\t<div class=\"elementor-widget-container\">\n\t\t\t\t\t<div class=\"porto-u-heading  porto-u-50fd703e6afac6fded863bbd6c29d1c5\"><div class=\"porto-u-main-heading\"><h3    style=\"margin-bottom: 1.5rem;\">Quins tipus de galetes utilitza la p\u00e0gina web?<\/h3><\/div><style>.porto-u-50fd703e6afac6fded863bbd6c29d1c5.porto-u-heading{text-align:inherit}<\/style><\/div>\t\t\t\t<\/div>\n\t\t\t\t<\/div>\n\t\t\t\t<div class=\"elementor-element elementor-element-139ee27 elementor-invisible elementor-widget elementor-widget-porto_ultimate_heading\" data-id=\"139ee27\" data-element_type=\"widget\" data-e-type=\"widget\" data-settings=\"{&quot;_animation&quot;:&quot;fadeIn&quot;,&quot;_animation_delay&quot;:250}\" data-widget_type=\"porto_ultimate_heading.default\">\n\t\t\t\t<div class=\"elementor-widget-container\">\n\t\t\t\t\t<div class=\"porto-u-heading  porto-u-50fd703e6afac6fded863bbd6c29d1c5\"><div class=\"porto-u-main-heading\"><h3    style=\"margin-bottom: 1.5rem;\">Com desactivar les cookies al vostre navegador?<\/h3><\/div><div class=\"porto-u-sub-heading\" style=\"margin-bottom:3px;\"><p>L'usuari pot configurar el seu navegador per no acceptar l'\u00fas de cookies, i en aquest cas la personalitzaci\u00f3 de l'experi\u00e8ncia no s'aplicaria. Si se selecciona aquesta configuraci\u00f3 pot ser que no es pugui accedir a certes parts del lloc web, ja que pot causar una navegaci\u00f3 menys efica\u00e7.<\/p><p>La majoria de navegadors actualment permeten a lusuari configurar si desitgen acceptar cookies i quines daquestes. Aquests par\u00e0metres normalment es troben als \u201cpar\u00e0metres\u201d o \u201cprefer\u00e8ncies\u201d del men\u00fa del vostre navegador.<\/p><ul><li aria-level=\"1\">Informaci\u00f3 sobre cookies per\u00a0<a href=\"https:\/\/web.archive.org\/web\/20200925063229\/https:\/\/support.microsoft.com\/es-es\/help\/17442\/windows-internet-explorer-delete-manage-cookies\">Internet Explorer<\/a><\/li><li aria-level=\"1\">Informaci\u00f3 sobre cookies\u00a0per<a href=\"https:\/\/web.archive.org\/web\/20200925063229\/https:\/\/support.mozilla.org\/es\/kb\/habilitar-y-deshabilitar-cookies-sitios-web-rastrear-preferencias?redirectlocale=es&amp;redirectslug=habilitar-y-deshabilitar-cookies-que-los-sitios-we\">Mozilla Firefox<\/a><\/li><li aria-level=\"1\">Informaci\u00f3 sobre cookies\u00a0per\u00a0<a href=\"https:\/\/web.archive.org\/web\/20200925063229\/https:\/\/help.opera.com\/en\/latest\/web-preferences\/#cookies\">Opera<\/a><\/li><li aria-level=\"1\">Informaci\u00f3 sobre cookies\u00a0per <a href=\"https:\/\/web.archive.org\/web\/20200925063229\/https:\/\/support.google.com\/accounts\/answer\/61416?hl=es\">Google Chrome<\/a><\/li><li aria-level=\"1\">Informaci\u00f3 sobre cookies\u00a0per\u00a0<a href=\"https:\/\/web.archive.org\/web\/20200925063229\/https:\/\/support.apple.com\/es-es\/HT201265\">Safari<\/a><\/li><\/ul><\/div><style>.porto-u-50fd703e6afac6fded863bbd6c29d1c5.porto-u-heading{text-align:inherit}<\/style><\/div>\t\t\t\t<\/div>\n\t\t\t\t<\/div>\n\t\t\t\t<div class=\"elementor-element elementor-element-194d478 elementor-invisible elementor-widget elementor-widget-porto_ultimate_heading\" data-id=\"194d478\" data-element_type=\"widget\" data-e-type=\"widget\" data-settings=\"{&quot;_animation&quot;:&quot;fadeIn&quot;,&quot;_animation_delay&quot;:250}\" data-widget_type=\"porto_ultimate_heading.default\">\n\t\t\t\t<div class=\"elementor-widget-container\">\n\t\t\t\t\t<div class=\"porto-u-heading  porto-u-50fd703e6afac6fded863bbd6c29d1c5\"><div class=\"porto-u-main-heading\"><h3    style=\"margin-bottom: 1.5rem;\">Cookies de xarxes socials<\/h3><\/div><div class=\"porto-u-sub-heading\" style=\"margin-bottom:3px;\"><p>Algunes p\u00e0gines dels nostres llocs web us permeten compartir els nostres continguts en xarxes socials com Facebook, Twitter, Google, etc. Algunes vegades pengem v\u00eddeos de llocs com YouTube. Aquests llocs web dipositen les seves pr\u00f2pies galetes, que nosaltres no controlem. Potser voleu comprovar els vostres llocs web per saber m\u00e9s sobre la seva pol\u00edtica de cookies.<\/p><p>M\u00e9s informaci\u00f3 sobre cookies de xarxes socials:<\/p><p><a href=\"https:\/\/web.archive.org\/web\/20200925063229\/https:\/\/es-es.facebook.com\/about\/privacy\/cookies\">https:\/\/es-es.facebook.com\/about\/privacy\/cookies<\/a><\/p><p><a href=\"https:\/\/web.archive.org\/web\/20200925063229\/https:\/\/twitter.com\/privacy\">https:\/\/twitter.com\/privacy<\/a><\/p><p><a href=\"https:\/\/web.archive.org\/web\/20200925063229\/https:\/\/help.instagram.com\/155833707900388\">https:\/\/help.instagram.com\/155833707900388<\/a><\/p><p><a href=\"https:\/\/web.archive.org\/web\/20200925063229\/https:\/\/www.youtube.com\/yt\/policyandsafety\/es\/\">https:\/\/www.youtube.com\/yt\/policyandsafety\/es\/<\/a><\/p><p>Informaci\u00f3n adicional<\/p><p>Per a m\u00e9s informaci\u00f3 sobre l'\u00fas de les cookies i com bloquejar-les, accedeix a\u00a0<a href=\"https:\/\/web.archive.org\/web\/20200925063229\/http:\/\/www.allaboutcookies.org\/\">www.allaboutcookies.org<\/a>,\u00a0<a href=\"https:\/\/web.archive.org\/web\/20200925063229\/http:\/\/www.youronlinechoices.eu\/\">www.youronlinechoices.eu<\/a>. Si teniu qualsevol pregunta o comentari sobre el nostre \u00fas de cookies, si us plau contacteu amb nosaltres a\u00a0<a href=\"https:\/\/web.archive.org\/web\/20200925063229\/mailto:dpd@escolavitae.com\">dpd@escolavitae.com<\/a>.<\/p><\/div><style>.porto-u-50fd703e6afac6fded863bbd6c29d1c5.porto-u-heading{text-align:inherit}<\/style><\/div>\t\t\t\t<\/div>\n\t\t\t\t<\/div>\n\t\t\t\t\t<\/div>\r\n\t\t\t\t<\/div>\r\n\t\t\t\t\t<\/div>\r\n\t\t\t\t<\/div>\r\n\t\t\t\t<\/div>\n\t\t","protected":false},"excerpt":{"rendered":"<p>Aquest lloc web utilitza cookies pr\u00f2pies i de tercers per recopilar informaci\u00f3 estad\u00edstica sobre la navegaci\u00f3 dels usuaris i millorar els seus serveis amb les seves prefer\u00e8ncies, generats a partir dels seus h\u00e0bits de navegaci\u00f3. No s&#8217;emmagatzemaran les galetes al seu terminal per a les finalitats esmentades si l&#8217;Usuari no hagi consentit expressament. Qu\u00e8 s\u00f3n [&hellip;]<\/p>\n","protected":false},"author":1,"featured_media":0,"parent":0,"menu_order":1,"comment_status":"closed","ping_status":"closed","template":"","meta":{"_acf_changed":false,"footnotes":""},"class_list":["post-5871","page","type-page","status-publish","hentry"],"acf":[],"aioseo_notices":[],"_links":{"self":[{"href":"https:\/\/www.vitaefisioterapia.com\/es\/wp-json\/wp\/v2\/pages\/5871","targetHints":{"allow":["GET"]}}],"collection":[{"href":"https:\/\/www.vitaefisioterapia.com\/es\/wp-json\/wp\/v2\/pages"}],"about":[{"href":"https:\/\/www.vitaefisioterapia.com\/es\/wp-json\/wp\/v2\/types\/page"}],"author":[{"embeddable":true,"href":"https:\/\/www.vitaefisioterapia.com\/es\/wp-json\/wp\/v2\/users\/1"}],"replies":[{"embeddable":true,"href":"https:\/\/www.vitaefisioterapia.com\/es\/wp-json\/wp\/v2\/comments?post=5871"}],"version-history":[{"count":2,"href":"https:\/\/www.vitaefisioterapia.com\/es\/wp-json\/wp\/v2\/pages\/5871\/revisions"}],"predecessor-version":[{"id":5879,"href":"https:\/\/www.vitaefisioterapia.com\/es\/wp-json\/wp\/v2\/pages\/5871\/revisions\/5879"}],"wp:attachment":[{"href":"https:\/\/www.vitaefisioterapia.com\/es\/wp-json\/wp\/v2\/media?parent=5871"}],"curies":[{"name":"wp","href":"https:\/\/api.w.org\/{rel}","templated":true}]}}