{"id":5873,"date":"2025-10-30T10:49:45","date_gmt":"2025-10-30T09:49:45","guid":{"rendered":"https:\/\/www.vitaefisioterapia.com\/politica-de-privacitat\/"},"modified":"2025-10-30T11:17:40","modified_gmt":"2025-10-30T10:17:40","slug":"politica-de-privacidad","status":"publish","type":"page","link":"https:\/\/www.vitaefisioterapia.com\/es\/politica-de-privacidad\/","title":{"rendered":"Pol\u00edtica de privacidad"},"content":{"rendered":"\t\t<div data-elementor-type=\"wp-page\" data-elementor-id=\"5873\" class=\"elementor elementor-5873 elementor-5847\" data-elementor-post-type=\"page\">\n\t\t\t\t\t\t<div class=\"elementor-section elementor-top-section elementor-element elementor-element-6c88fba elementor-section-content-middle elementor-section-boxed elementor-section-height-default elementor-section-height-default\" data-id=\"6c88fba\" data-element_type=\"section\" data-e-type=\"section\" data-settings=\"{&quot;background_background&quot;:&quot;classic&quot;}\">\r\n\t\t\r\n\t\t\t\t\t\t\t<div class=\"elementor-container elementor-column-gap-default\">\r\n\t\t\t\t\t\t\t\t\t\t\t<div class=\"elementor-column elementor-col-100 elementor-top-column elementor-element elementor-element-8655570\" data-id=\"8655570\" data-element_type=\"column\" data-e-type=\"column\">\r\n\t\t\t\t\t<div class=\"elementor-widget-wrap elementor-element-populated\">\r\n\t\t\t\t\t\t\t\t<div class=\"elementor-element elementor-element-cba6344 elementor-widget elementor-widget-text-editor\" data-id=\"cba6344\" data-element_type=\"widget\" data-e-type=\"widget\" data-widget_type=\"text-editor.default\">\n\t\t\t\t<div class=\"elementor-widget-container\">\n\t\t\t\t\t\t\t\t\t<p><strong>VITAE FISIOTER\u00c0PIA<\/strong> (FORMAT EN FORMACI\u00d3 PROFESSIONAL, SL) reconeix la import\u00e0ncia de protegir la teva informaci\u00f3 personal i es compromet a tractar-la amb responsabilitat i de conformitat amb la normativa de protecci\u00f3 de dades.<\/p><p>Aquesta pol\u00edtica regula tots els aspectes relatius al tractament de dades dels usuaris que naveguen o que faciliten les seves dades a trav\u00e9s dels diferents formularis del lloc web.<\/p>\t\t\t\t\t\t\t\t<\/div>\n\t\t\t\t<\/div>\n\t\t\t\t<div class=\"elementor-element elementor-element-5245d63 elementor-invisible elementor-widget elementor-widget-porto_ultimate_heading\" data-id=\"5245d63\" data-element_type=\"widget\" data-e-type=\"widget\" data-settings=\"{&quot;_animation&quot;:&quot;fadeIn&quot;,&quot;_animation_delay&quot;:250}\" data-widget_type=\"porto_ultimate_heading.default\">\n\t\t\t\t<div class=\"elementor-widget-container\">\n\t\t\t\t\t<div class=\"porto-u-heading  porto-u-50fd703e6afac6fded863bbd6c29d1c5\"><div class=\"porto-u-main-heading\"><h3    style=\"margin-bottom: 1.5rem;\">Responsable del Tractament<\/h3><\/div><div class=\"porto-u-sub-heading\" style=\"margin-bottom:3px;\"><p>De conformitat amb el Reglament (UE) 2016\/679, de 27 d\u2019abril de 2016 (RGPD), i la Llei Org\u00e0nica 3\/2018, de 5 de desembre (LOPDGDD), en qualitat de Responsable del Tractament de les dades personals proporcionades, li facilitem la seg\u00fcent informaci\u00f3:<\/p><p>NIF: B75309153<br \/>Domicili social: C\/Balmes 209 \u2013 de (Barcelona)<br \/>Codi postal: 08006<br \/>Localitat: Barcelona<br \/>Provincia: Barcelona<br \/>Adre\u00e7a electr\u00f2nica: <a href=\"mailto:info@vitaefisioterapia.com\">info@vitaefisioterapia.com<\/a><\/p><\/div><style>.porto-u-50fd703e6afac6fded863bbd6c29d1c5.porto-u-heading{text-align:inherit}<\/style><\/div>\t\t\t\t<\/div>\n\t\t\t\t<\/div>\n\t\t\t\t<div class=\"elementor-element elementor-element-403c26b elementor-invisible elementor-widget elementor-widget-porto_ultimate_heading\" data-id=\"403c26b\" data-element_type=\"widget\" data-e-type=\"widget\" data-settings=\"{&quot;_animation&quot;:&quot;fadeIn&quot;,&quot;_animation_delay&quot;:250}\" data-widget_type=\"porto_ultimate_heading.default\">\n\t\t\t\t<div class=\"elementor-widget-container\">\n\t\t\t\t\t<div class=\"porto-u-heading  porto-u-50fd703e6afac6fded863bbd6c29d1c5\"><div class=\"porto-u-main-heading\"><h3    style=\"margin-bottom: 1.5rem;\">Dades personals<\/h3><\/div><div class=\"porto-u-sub-heading\" style=\"margin-bottom:3px;\"><p>S\u2019ent\u00e9n per dada personal qualsevol informaci\u00f3 que identifiqui o faci identificable una persona. A trav\u00e9s de la web, en els camps habilitats, recollim les dades que l\u2019usuari ens comunica (nom, cognoms, correu electr\u00f2nic, tel\u00e8fon, adre\u00e7a postal, poblaci\u00f3, etc.).<\/p><p>La visita a la web no implica facilitar dades personals. Si les proporciones, les tractarem l\u00edcitament i d\u2019acord amb els principis del <strong>RGPD (UE) 2016\/679<\/strong> i la <strong>LOPDGDD 3\/2018<\/strong>.<\/p><\/div><style>.porto-u-50fd703e6afac6fded863bbd6c29d1c5.porto-u-heading{text-align:inherit}<\/style><\/div>\t\t\t\t<\/div>\n\t\t\t\t<\/div>\n\t\t\t\t<div class=\"elementor-element elementor-element-0d64cb5 elementor-invisible elementor-widget elementor-widget-porto_ultimate_heading\" data-id=\"0d64cb5\" data-element_type=\"widget\" data-e-type=\"widget\" data-settings=\"{&quot;_animation&quot;:&quot;fadeIn&quot;,&quot;_animation_delay&quot;:250}\" data-widget_type=\"porto_ultimate_heading.default\">\n\t\t\t\t<div class=\"elementor-widget-container\">\n\t\t\t\t\t<div class=\"porto-u-heading  porto-u-50fd703e6afac6fded863bbd6c29d1c5\"><div class=\"porto-u-main-heading\"><h3    style=\"margin-bottom: 1.5rem;\">Finalitat, durada i legitimaci\u00f3 del tractament<\/h3><\/div><div class=\"porto-u-sub-heading\" style=\"margin-bottom:3px;\"><p><strong>Contacte i atenci\u00f3 de sol\u00b7licituds<\/strong><\/p><p>Tramitar i gestionar consultes o peticions enviades mitjan\u00e7ant el formulari de reserves, email i\/o Whatsapp. Aquestes dades les conservem durant el temps necessari per complir la sol\u00b7licitud i durant el temps establert per la llei amb una duraci\u00f3 m\u00ednima de 3 anys.<\/p><p>La base de legitimaci\u00f3 del tractament de les seves dades ser\u00e0 el consentiment en marcar l\u2019acceptaci\u00f3 de la pol\u00edtica de privacitat. Revocable en qualsevol moment.<\/p><p><strong>Subscripci\u00f3 newsletter<\/strong><\/p><p>Enviament de comunicacions informatives sobre novetats i continguts de <strong>VITAE FISIOTER\u00c0PIA<\/strong>, mentre no es revoqui el consentiment i, com a m\u00ednim, 3 anys. La base de legitimaci\u00f3 del tractament de les seves dades ser\u00e0 el consentiment que atorga l\u2019usuari al respondre l\u2019email d\u2019acceptaci\u00f3 de la nostra pol\u00edtica de privacitat.<\/p><p>L\u2019usuari t\u00e9 dret a revocar el seu consentiment en qualsevol moment sense que aix\u00f2 afecti la licitud del tractament basat en el consentiment previ a la seva retirada.<\/p><p><strong>Testimonis (experi\u00e8ncies\/opinions)<\/strong><\/p><p>Gesti\u00f3 i publicaci\u00f3 de testimonis i experi\u00e8ncies, seran publicats a la p\u00e0gina web i xarxes socials, per ajudar altres usuaris. Les \u00faniques dades personals que es publicaran del testimoni seran el nom i la ciutat de l\u2019usuari. Les dades facilitades les conservarem mentre l\u2019usuari no sol\u00b7liciti la seva revocaci\u00f3 i durant el temps establert per la llei amb una durada m\u00ednima de 3 anys.<\/p><p>La base de legitimaci\u00f3 del tractament de les dades ser\u00e0 el consentiment que atorga l\u2019usuari en acceptar espl\u00edcitament el seu \u00fas.<\/p><p><strong>Gesti\u00f3 de candidatures (RRHH)<\/strong><\/p><p>Recepci\u00f3 i gesti\u00f3 de CV, i inclusi\u00f3 a la base de dades de candidats. L\u2019usuari dona el consentiment expr\u00e9s amb l\u2019enviament del curr\u00edculum i l\u2019acceptaci\u00f3 de la pol\u00edtica de privacitat. <\/p><\/div><style>.porto-u-50fd703e6afac6fded863bbd6c29d1c5.porto-u-heading{text-align:inherit}<\/style><\/div>\t\t\t\t<\/div>\n\t\t\t\t<\/div>\n\t\t\t\t<div class=\"elementor-element elementor-element-362bd3b elementor-invisible elementor-widget elementor-widget-porto_ultimate_heading\" data-id=\"362bd3b\" data-element_type=\"widget\" data-e-type=\"widget\" data-settings=\"{&quot;_animation&quot;:&quot;fadeIn&quot;,&quot;_animation_delay&quot;:250}\" data-widget_type=\"porto_ultimate_heading.default\">\n\t\t\t\t<div class=\"elementor-widget-container\">\n\t\t\t\t\t<div class=\"porto-u-heading  porto-u-50fd703e6afac6fded863bbd6c29d1c5\"><div class=\"porto-u-main-heading\"><h3    style=\"margin-bottom: 1.5rem;\">Cessions o comunicacions de dades<\/h3><\/div><div class=\"porto-u-sub-heading\" style=\"margin-bottom:3px;\"><p>No cedirem dades a tercers, excepte obligaci\u00f3 legal o quan sigui necessari per a la prestaci\u00f3 d\u2019un servei (s\u2019informar\u00e0 en cada cas).<\/p><\/div><style>.porto-u-50fd703e6afac6fded863bbd6c29d1c5.porto-u-heading{text-align:inherit}<\/style><\/div>\t\t\t\t<\/div>\n\t\t\t\t<\/div>\n\t\t\t\t<div class=\"elementor-element elementor-element-0ff184d elementor-invisible elementor-widget elementor-widget-porto_ultimate_heading\" data-id=\"0ff184d\" data-element_type=\"widget\" data-e-type=\"widget\" data-settings=\"{&quot;_animation&quot;:&quot;fadeIn&quot;,&quot;_animation_delay&quot;:250}\" data-widget_type=\"porto_ultimate_heading.default\">\n\t\t\t\t<div class=\"elementor-widget-container\">\n\t\t\t\t\t<div class=\"porto-u-heading  porto-u-50fd703e6afac6fded863bbd6c29d1c5\"><div class=\"porto-u-main-heading\"><h3    style=\"margin-bottom: 1.5rem;\">Transfer\u00e8ncies internacionals<\/h3><\/div><div class=\"porto-u-sub-heading\" style=\"margin-bottom:3px;\"><p>Per a determinats serveis (p. ex. missatgeria instant\u00e0nia o newsletters), VITAE FISIOTER\u00c0PIA pot utilitzar prove\u00efdors ubicats fora de l\u2019EEE (com WhatsApp LLC\/Inc. o plataformes d\u2019emailing). S'assegura un nivell adequat de protecci\u00f3 mitjan\u00e7ant Cl\u00e0usules Contractuals Tipus o mecanismes admesos per la normativa vigent.<\/p><\/div><style>.porto-u-50fd703e6afac6fded863bbd6c29d1c5.porto-u-heading{text-align:inherit}<\/style><\/div>\t\t\t\t<\/div>\n\t\t\t\t<\/div>\n\t\t\t\t<div class=\"elementor-element elementor-element-caf6bb1 elementor-invisible elementor-widget elementor-widget-porto_ultimate_heading\" data-id=\"caf6bb1\" data-element_type=\"widget\" data-e-type=\"widget\" data-settings=\"{&quot;_animation&quot;:&quot;fadeIn&quot;,&quot;_animation_delay&quot;:250}\" data-widget_type=\"porto_ultimate_heading.default\">\n\t\t\t\t<div class=\"elementor-widget-container\">\n\t\t\t\t\t<div class=\"porto-u-heading  porto-u-50fd703e6afac6fded863bbd6c29d1c5\"><div class=\"porto-u-main-heading\"><h3    style=\"margin-bottom: 1.5rem;\">Car\u00e0cter obligatori de la informaci\u00f3<\/h3><\/div><div class=\"porto-u-sub-heading\" style=\"margin-bottom:3px;\"><p>Els formularis inclouen camps obligatoris identificats amb *. Si no es faciliten o no s\u2019accepta la pol\u00edtica de privacitat, no es permetr\u00e0 l\u2019enviament.<\/p><\/div><style>.porto-u-50fd703e6afac6fded863bbd6c29d1c5.porto-u-heading{text-align:inherit}<\/style><\/div>\t\t\t\t<\/div>\n\t\t\t\t<\/div>\n\t\t\t\t<div class=\"elementor-element elementor-element-4113a9c elementor-invisible elementor-widget elementor-widget-porto_ultimate_heading\" data-id=\"4113a9c\" data-element_type=\"widget\" data-e-type=\"widget\" data-settings=\"{&quot;_animation&quot;:&quot;fadeIn&quot;,&quot;_animation_delay&quot;:250}\" data-widget_type=\"porto_ultimate_heading.default\">\n\t\t\t\t<div class=\"elementor-widget-container\">\n\t\t\t\t\t<div class=\"porto-u-heading  porto-u-50fd703e6afac6fded863bbd6c29d1c5\"><div class=\"porto-u-main-heading\"><h3    style=\"margin-bottom: 1.5rem;\">Drets dels interessats<\/h3><\/div><div class=\"porto-u-sub-heading\" style=\"margin-bottom:3px;\"><p>L\u2019usuari pot exercir els drets d\u2019acc\u00e9s, rectificaci\u00f3, supressi\u00f3, limitaci\u00f3, oposici\u00f3, portabilitat i a no ser objecte de decisions basades nom\u00e9s en tractaments automatitzats. Per mantenir la informaci\u00f3 actualitzada, l\u2019usuari revocar o comunicar qualsevol canvi i prefer\u00e8ncies.<br \/>Contacta\u2019ns a <a href=\"mailto:info@vitaefisioterapia.com\">info@vitaefisioterapia.com<\/a>.<\/p><p>La persona interessada pot presentar una reclamaci\u00f3 davant l\u2019autoritat de control en mat\u00e8ria de protecci\u00f3 de dades competent, que actualment \u00e9s l\u2019Ag\u00e8ncia Espanyola de Protecci\u00f3 de Dades (AEPD), a trav\u00e9s de la seva seu electr\u00f2nica: <a href=\"www.sedeagpd.gob.es\/sede-electronica-web\" target=\"_blank\" rel=\"noopener\">www.sedeagpd.gob.es\/sede-electronica-web<\/a> , o enviant un escrit a C\/ Jorge Juan n\u00ba6 \u2013 28001 MADRID.<\/p><\/div><style>.porto-u-50fd703e6afac6fded863bbd6c29d1c5.porto-u-heading{text-align:inherit}<\/style><\/div>\t\t\t\t<\/div>\n\t\t\t\t<\/div>\n\t\t\t\t<div class=\"elementor-element elementor-element-3b14942 elementor-invisible elementor-widget elementor-widget-porto_ultimate_heading\" data-id=\"3b14942\" data-element_type=\"widget\" data-e-type=\"widget\" data-settings=\"{&quot;_animation&quot;:&quot;fadeIn&quot;,&quot;_animation_delay&quot;:250}\" data-widget_type=\"porto_ultimate_heading.default\">\n\t\t\t\t<div class=\"elementor-widget-container\">\n\t\t\t\t\t<div class=\"porto-u-heading  porto-u-50fd703e6afac6fded863bbd6c29d1c5\"><div class=\"porto-u-main-heading\"><h3    style=\"margin-bottom: 1.5rem;\">Tractament de dades de menors<\/h3><\/div><div class=\"porto-u-sub-heading\" style=\"margin-bottom:3px;\"><p>En facilitar dades, declares ser <strong>major de 14 anys<\/strong>. Es prohibeix l\u2019\u00fas del portal per a menors d\u2019aquesta edat. Si detectem dades d\u2019un menor, les <strong>cancel\u00b7larem<\/strong>. Els pares\/tutors poden sol\u00b7licitar el <strong>bloqueig<\/strong> del compte.<\/p><\/div><style>.porto-u-50fd703e6afac6fded863bbd6c29d1c5.porto-u-heading{text-align:inherit}<\/style><\/div>\t\t\t\t<\/div>\n\t\t\t\t<\/div>\n\t\t\t\t<div class=\"elementor-element elementor-element-bea1b03 elementor-invisible elementor-widget elementor-widget-porto_ultimate_heading\" data-id=\"bea1b03\" data-element_type=\"widget\" data-e-type=\"widget\" data-settings=\"{&quot;_animation&quot;:&quot;fadeIn&quot;,&quot;_animation_delay&quot;:250}\" data-widget_type=\"porto_ultimate_heading.default\">\n\t\t\t\t<div class=\"elementor-widget-container\">\n\t\t\t\t\t<div class=\"porto-u-heading  porto-u-50fd703e6afac6fded863bbd6c29d1c5\"><div class=\"porto-u-main-heading\"><h3    style=\"margin-bottom: 1.5rem;\">Cookies<\/h3><\/div><div class=\"porto-u-sub-heading\" style=\"margin-bottom:3px;\"><p>An\u00e0lisi d\u2019\u00fas per optimitzar la web i l\u2019experi\u00e8ncia de navegaci\u00f3 de l\u2019usuari. Seran emmagatzemades m\u00ednim 3 anys i s\u00f3n revocable. Consulta la nostra P<strong>ol\u00edtica de Cookies<\/strong> per a m\u00e9s informaci\u00f3.<\/p><\/div><style>.porto-u-50fd703e6afac6fded863bbd6c29d1c5.porto-u-heading{text-align:inherit}<\/style><\/div>\t\t\t\t<\/div>\n\t\t\t\t<\/div>\n\t\t\t\t\t<\/div>\r\n\t\t\t\t<\/div>\r\n\t\t\t\t\t<\/div>\r\n\t\t\t\t<\/div>\r\n\t\t\t\t<\/div>\n\t\t","protected":false},"excerpt":{"rendered":"<p>VITAE FISIOTER\u00c0PIA (FORMAT EN FORMACI\u00d3 PROFESSIONAL, SL) reconeix la import\u00e0ncia de protegir la teva informaci\u00f3 personal i es compromet a tractar-la amb responsabilitat i de conformitat amb la normativa de protecci\u00f3 de dades. Aquesta pol\u00edtica regula tots els aspectes relatius al tractament de dades dels usuaris que naveguen o que faciliten les seves dades a [&hellip;]<\/p>\n","protected":false},"author":1,"featured_media":0,"parent":0,"menu_order":1,"comment_status":"closed","ping_status":"closed","template":"","meta":{"_acf_changed":false,"footnotes":""},"class_list":["post-5873","page","type-page","status-publish","hentry"],"acf":[],"aioseo_notices":[],"_links":{"self":[{"href":"https:\/\/www.vitaefisioterapia.com\/es\/wp-json\/wp\/v2\/pages\/5873","targetHints":{"allow":["GET"]}}],"collection":[{"href":"https:\/\/www.vitaefisioterapia.com\/es\/wp-json\/wp\/v2\/pages"}],"about":[{"href":"https:\/\/www.vitaefisioterapia.com\/es\/wp-json\/wp\/v2\/types\/page"}],"author":[{"embeddable":true,"href":"https:\/\/www.vitaefisioterapia.com\/es\/wp-json\/wp\/v2\/users\/1"}],"replies":[{"embeddable":true,"href":"https:\/\/www.vitaefisioterapia.com\/es\/wp-json\/wp\/v2\/comments?post=5873"}],"version-history":[{"count":2,"href":"https:\/\/www.vitaefisioterapia.com\/es\/wp-json\/wp\/v2\/pages\/5873\/revisions"}],"predecessor-version":[{"id":5881,"href":"https:\/\/www.vitaefisioterapia.com\/es\/wp-json\/wp\/v2\/pages\/5873\/revisions\/5881"}],"wp:attachment":[{"href":"https:\/\/www.vitaefisioterapia.com\/es\/wp-json\/wp\/v2\/media?parent=5873"}],"curies":[{"name":"wp","href":"https:\/\/api.w.org\/{rel}","templated":true}]}}